{"id":69,"date":"2013-11-15T17:58:30","date_gmt":"2013-11-15T15:58:30","guid":{"rendered":"http:\/\/www.sv-rothebusch.de\/site\/?page_id=69"},"modified":"2023-05-11T11:11:20","modified_gmt":"2023-05-11T10:11:20","slug":"trainingszeiten","status":"publish","type":"page","link":"https:\/\/www.sv-rothebusch.de\/site\/?page_id=69","title":{"rendered":"Trainingszeiten"},"content":{"rendered":"<p><strong>Bambinitraining:<br \/>\n<\/strong><span style=\"font-size: revert;\">Mittwochs von 16.30 &#8211; 18.00 Uhr<\/span><\/p>\n<p><strong>Jugendabteilung:<\/strong><br \/>\nMontag und Mittwoch von 18.00 &#8211; 20.00 Uhr<\/p>\n<p><strong>Schie\u00dfabteilung:<\/strong><br \/>\nDienstag von 19.00 &#8211; 21.00 Uhr<\/p>\n<p><strong>&#8222;Alte Herren&#8220;:<\/strong><br \/>\nDonnerstags, vierzehnt\u00e4gig ab 19.00 Uhr (ungerade Kalenderwochen)<\/p>\n<p><strong>Jungsch\u00fctzen:<\/strong><br \/>\nFreitags, vierzehnt\u00e4gig ab 19.00 Uhr (ungerade Kalenderwochen)<\/p>\n<p><strong>Trainingsort:<\/strong> N\u00fcrnberger Str. 99, 46119 Oberhausen<\/p>\n","protected":false},"excerpt":{"rendered":"<p>Bambinitraining: Mittwochs von 16.30 &#8211; 18.00 Uhr Jugendabteilung: Montag und Mittwoch von 18.00 &#8211; 20.00 Uhr Schie\u00dfabteilung: Dienstag von 19.00 &#8211; 21.00 Uhr &#8222;Alte Herren&#8220;: Donnerstags, vierzehnt\u00e4gig ab 19.00 Uhr (ungerade Kalenderwochen) Jungsch\u00fctzen: Freitags, vierzehnt\u00e4gig ab 19.00 Uhr (ungerade Kalenderwochen) Trainingsort: N\u00fcrnberger Str. 99, 46119 Oberhausen<\/p>\n","protected":false},"author":3,"featured_media":132,"parent":65,"menu_order":0,"comment_status":"closed","ping_status":"closed","template":"","meta":{"footnotes":""},"class_list":["post-69","page","type-page","status-publish","has-post-thumbnail","hentry","post","post-with-thumbnail","post-with-thumbnail-large"],"_links":{"self":[{"href":"https:\/\/www.sv-rothebusch.de\/site\/index.php?rest_route=\/wp\/v2\/pages\/69","targetHints":{"allow":["GET"]}}],"collection":[{"href":"https:\/\/www.sv-rothebusch.de\/site\/index.php?rest_route=\/wp\/v2\/pages"}],"about":[{"href":"https:\/\/www.sv-rothebusch.de\/site\/index.php?rest_route=\/wp\/v2\/types\/page"}],"author":[{"embeddable":true,"href":"https:\/\/www.sv-rothebusch.de\/site\/index.php?rest_route=\/wp\/v2\/users\/3"}],"replies":[{"embeddable":true,"href":"https:\/\/www.sv-rothebusch.de\/site\/index.php?rest_route=%2Fwp%2Fv2%2Fcomments&post=69"}],"version-history":[{"count":6,"href":"https:\/\/www.sv-rothebusch.de\/site\/index.php?rest_route=\/wp\/v2\/pages\/69\/revisions"}],"predecessor-version":[{"id":2876,"href":"https:\/\/www.sv-rothebusch.de\/site\/index.php?rest_route=\/wp\/v2\/pages\/69\/revisions\/2876"}],"up":[{"embeddable":true,"href":"https:\/\/www.sv-rothebusch.de\/site\/index.php?rest_route=\/wp\/v2\/pages\/65"}],"wp:featuredmedia":[{"embeddable":true,"href":"https:\/\/www.sv-rothebusch.de\/site\/index.php?rest_route=\/wp\/v2\/media\/132"}],"wp:attachment":[{"href":"https:\/\/www.sv-rothebusch.de\/site\/index.php?rest_route=%2Fwp%2Fv2%2Fmedia&parent=69"}],"curies":[{"name":"wp","href":"https:\/\/api.w.org\/{rel}","templated":true}]}}