{"id":53,"date":"2013-11-15T17:40:14","date_gmt":"2013-11-15T15:40:14","guid":{"rendered":"http:\/\/www.sv-rothebusch.de\/site\/?page_id=53"},"modified":"2023-05-10T21:09:11","modified_gmt":"2023-05-10T20:09:11","slug":"tradition","status":"publish","type":"page","link":"https:\/\/www.sv-rothebusch.de\/site\/?page_id=53","title":{"rendered":"Tradition"},"content":{"rendered":"<p>Wir als Sch\u00fctzenverein sind nicht nur sportlich gepr\u00e4gt sondern pflegen, aufgrund unserer langen Vergangenheit, ebenso unsere Tradition.<br \/>\nHiermit behalten wir uns ein St\u00fcck unserer Wurzeln in unserer heutigen, schnelllebigen Welt.<\/p>\n<p>Leider wird dies heutzutage immer schwerer! Aus diesem Grund ist es umso wichtiger, alles M\u00f6gliche zu tun, um diese Tradition noch viele weitere Jahre und Generationen weitertragen zu k\u00f6nnen.<\/p>\n<p>Auf den hier folgenden Seiten w\u00fcrden wir Ihnen unsere Tradition gerne n\u00e4her bringen und Sie \u00fcber unser Sch\u00fctzenfest sowie unsere aktuell amtierenden Majest\u00e4ten informieren.<\/p>\n<p>Im Laufe der Zeit werden wir hier ebenfalls noch ein wenig in der Zeit zur\u00fcckblicken.<br \/>\nEs lohnt sich also gelegentlich mal vorbeizuschauen!<\/p>\n<p>&nbsp;<\/p>\n","protected":false},"excerpt":{"rendered":"<p>Wir als Sch\u00fctzenverein sind nicht nur sportlich gepr\u00e4gt sondern pflegen, aufgrund unserer langen Vergangenheit, ebenso unsere Tradition. Hiermit behalten wir uns ein St\u00fcck unserer Wurzeln in unserer heutigen, schnelllebigen Welt. Leider wird dies heutzutage immer schwerer! Aus diesem Grund ist es umso wichtiger, alles M\u00f6gliche zu tun, um diese Tradition noch viele weitere Jahre und [&hellip;]<\/p>\n","protected":false},"author":3,"featured_media":2866,"parent":0,"menu_order":0,"comment_status":"closed","ping_status":"closed","template":"","meta":{"footnotes":""},"class_list":["post-53","page","type-page","status-publish","has-post-thumbnail","hentry","post","post-with-thumbnail","post-with-thumbnail-large"],"_links":{"self":[{"href":"https:\/\/www.sv-rothebusch.de\/site\/index.php?rest_route=\/wp\/v2\/pages\/53","targetHints":{"allow":["GET"]}}],"collection":[{"href":"https:\/\/www.sv-rothebusch.de\/site\/index.php?rest_route=\/wp\/v2\/pages"}],"about":[{"href":"https:\/\/www.sv-rothebusch.de\/site\/index.php?rest_route=\/wp\/v2\/types\/page"}],"author":[{"embeddable":true,"href":"https:\/\/www.sv-rothebusch.de\/site\/index.php?rest_route=\/wp\/v2\/users\/3"}],"replies":[{"embeddable":true,"href":"https:\/\/www.sv-rothebusch.de\/site\/index.php?rest_route=%2Fwp%2Fv2%2Fcomments&post=53"}],"version-history":[{"count":3,"href":"https:\/\/www.sv-rothebusch.de\/site\/index.php?rest_route=\/wp\/v2\/pages\/53\/revisions"}],"predecessor-version":[{"id":440,"href":"https:\/\/www.sv-rothebusch.de\/site\/index.php?rest_route=\/wp\/v2\/pages\/53\/revisions\/440"}],"wp:featuredmedia":[{"embeddable":true,"href":"https:\/\/www.sv-rothebusch.de\/site\/index.php?rest_route=\/wp\/v2\/media\/2866"}],"wp:attachment":[{"href":"https:\/\/www.sv-rothebusch.de\/site\/index.php?rest_route=%2Fwp%2Fv2%2Fmedia&parent=53"}],"curies":[{"name":"wp","href":"https:\/\/api.w.org\/{rel}","templated":true}]}}