{"id":44,"date":"2013-11-15T01:07:41","date_gmt":"2013-11-14T23:07:41","guid":{"rendered":"http:\/\/www.sv-rothebusch.de\/site\/?page_id=44"},"modified":"2023-05-14T22:16:15","modified_gmt":"2023-05-14T20:16:15","slug":"mitgliedschaft","status":"publish","type":"page","link":"https:\/\/www.sv-rothebusch.de\/site\/?page_id=44","title":{"rendered":"Mitgliedschaft"},"content":{"rendered":"\n<p>Wir konnten Sie auf unseren Seiten, bei unseren Trainingstagen oder auf einer unserer Veranstaltungen davon \u00fcberzeugen ein Teil der Rothebuscher Sch\u00fctzen-Gemeinde zu werden?<\/p>\n\n\n\n<p>Dann f\u00fcllen Sie einfach die untenstehende Beitrittserkl\u00e4rung aus und senden Sie diese an unsere Gesch\u00e4ftsadresse oder bringen sie zu einem unserer n\u00e4chsten Trainingstage mit!<\/p>\n\n\n\n<p>Wir freuen uns auf Sie!<\/p>\n\n\n\n<figure class=\"wp-block-image size-full is-resized\"><a href=\"https:\/\/www.sv-rothebusch.de\/site\/wp-content\/uploads\/2023\/05\/Aufnahmeantrag-Stand-03-2023.pdf\"><img loading=\"lazy\" decoding=\"async\" src=\"https:\/\/www.sv-rothebusch.de\/site\/wp-content\/uploads\/2023\/05\/antrag.png\" alt=\"\" class=\"wp-image-2934\" width=\"257\" height=\"346\" srcset=\"https:\/\/www.sv-rothebusch.de\/site\/wp-content\/uploads\/2023\/05\/antrag.png 400w, https:\/\/www.sv-rothebusch.de\/site\/wp-content\/uploads\/2023\/05\/antrag-222x300.png 222w\" sizes=\"auto, (max-width: 257px) 100vw, 257px\" \/><\/a><figcaption class=\"wp-element-caption\">Beitrittserkl\u00e4rung &amp; SEPA Lastschriftmandat<\/figcaption><\/figure>\n","protected":false},"excerpt":{"rendered":"<p>Wir konnten Sie auf unseren Seiten, bei unseren Trainingstagen oder auf einer unserer Veranstaltungen davon \u00fcberzeugen ein Teil der Rothebuscher Sch\u00fctzen-Gemeinde zu werden? Dann f\u00fcllen Sie einfach die untenstehende Beitrittserkl\u00e4rung aus und senden Sie diese an unsere Gesch\u00e4ftsadresse oder bringen sie zu einem unserer n\u00e4chsten Trainingstage mit! Wir freuen uns auf Sie!<\/p>\n","protected":false},"author":3,"featured_media":2866,"parent":2,"menu_order":0,"comment_status":"closed","ping_status":"closed","template":"","meta":{"footnotes":""},"class_list":["post-44","page","type-page","status-publish","has-post-thumbnail","hentry","post","post-with-thumbnail","post-with-thumbnail-large"],"_links":{"self":[{"href":"https:\/\/www.sv-rothebusch.de\/site\/index.php?rest_route=\/wp\/v2\/pages\/44","targetHints":{"allow":["GET"]}}],"collection":[{"href":"https:\/\/www.sv-rothebusch.de\/site\/index.php?rest_route=\/wp\/v2\/pages"}],"about":[{"href":"https:\/\/www.sv-rothebusch.de\/site\/index.php?rest_route=\/wp\/v2\/types\/page"}],"author":[{"embeddable":true,"href":"https:\/\/www.sv-rothebusch.de\/site\/index.php?rest_route=\/wp\/v2\/users\/3"}],"replies":[{"embeddable":true,"href":"https:\/\/www.sv-rothebusch.de\/site\/index.php?rest_route=%2Fwp%2Fv2%2Fcomments&post=44"}],"version-history":[{"count":14,"href":"https:\/\/www.sv-rothebusch.de\/site\/index.php?rest_route=\/wp\/v2\/pages\/44\/revisions"}],"predecessor-version":[{"id":2940,"href":"https:\/\/www.sv-rothebusch.de\/site\/index.php?rest_route=\/wp\/v2\/pages\/44\/revisions\/2940"}],"up":[{"embeddable":true,"href":"https:\/\/www.sv-rothebusch.de\/site\/index.php?rest_route=\/wp\/v2\/pages\/2"}],"wp:featuredmedia":[{"embeddable":true,"href":"https:\/\/www.sv-rothebusch.de\/site\/index.php?rest_route=\/wp\/v2\/media\/2866"}],"wp:attachment":[{"href":"https:\/\/www.sv-rothebusch.de\/site\/index.php?rest_route=%2Fwp%2Fv2%2Fmedia&parent=44"}],"curies":[{"name":"wp","href":"https:\/\/api.w.org\/{rel}","templated":true}]}}