{"id":40,"date":"2013-11-15T01:06:52","date_gmt":"2013-11-14T23:06:52","guid":{"rendered":"http:\/\/www.sv-rothebusch.de\/site\/?page_id=40"},"modified":"2026-04-14T22:24:39","modified_gmt":"2026-04-14T20:24:39","slug":"der-vorstand","status":"publish","type":"page","link":"https:\/\/www.sv-rothebusch.de\/site\/?page_id=40","title":{"rendered":"Der Vorstand"},"content":{"rendered":"<p><strong>1. Vorsitzender<br \/>\n<\/strong>Jens Grothe<br \/>\ne-Mail: 1.vorsitzender@sv-rothebusch.de<\/p>\n<p><strong>2. Vorsitzender<br \/>\n<\/strong>Christian Beckmann<br \/>\ne-Mail: 2.vorsitzender@sv-rothebusch.de<\/p>\n<p><strong>1. Gesch\u00e4ftsf\u00fchrer<br \/>\n<\/strong>Torsten Hils<br \/>\ne-Mail: geschaeftsfuehrung@sv-rothebusch.de<\/p>\n<p><strong>2. Gesch\u00e4ftsf\u00fchrerin<\/strong><br \/>\nAlexa Loh<br \/>\ne-Mail: alexa.loh@sv-rothebusch.de<\/p>\n<p><strong>1. Kassierer<\/strong><br \/>\nDaniel Gertz<br \/>\ne-Mail: kassierer@sv-rothebusch.de<\/p>\n<p><strong>2. Kassierer<\/strong><br \/>\nDirk Didelot<br \/>\ne-Mail: kassierer@sv-rothebusch.de<\/p>\n<p><span style=\"text-decoration: underline;\"><strong>Erweiterter Vorstand:<\/strong><\/span><\/p>\n<p><strong>Sportleitung<\/strong><br \/>\nKevin Maslanak<br \/>\ne-Mail: sportleitung@sv-rothebusch.de<\/p>\n","protected":false},"excerpt":{"rendered":"<p>1. Vorsitzender Jens Grothe e-Mail: 1.vorsitzender@sv-rothebusch.de 2. Vorsitzender Christian Beckmann e-Mail: 2.vorsitzender@sv-rothebusch.de 1. Gesch\u00e4ftsf\u00fchrer Torsten Hils e-Mail: geschaeftsfuehrung@sv-rothebusch.de 2. Gesch\u00e4ftsf\u00fchrerin Alexa Loh e-Mail: alexa.loh@sv-rothebusch.de 1. Kassierer Daniel Gertz e-Mail: kassierer@sv-rothebusch.de 2. Kassierer Dirk Didelot e-Mail: kassierer@sv-rothebusch.de Erweiterter Vorstand: Sportleitung Kevin Maslanak e-Mail: sportleitung@sv-rothebusch.de<\/p>\n","protected":false},"author":3,"featured_media":2866,"parent":2,"menu_order":0,"comment_status":"closed","ping_status":"closed","template":"","meta":{"footnotes":""},"class_list":["post-40","page","type-page","status-publish","has-post-thumbnail","hentry","post","post-with-thumbnail","post-with-thumbnail-large"],"_links":{"self":[{"href":"https:\/\/www.sv-rothebusch.de\/site\/index.php?rest_route=\/wp\/v2\/pages\/40","targetHints":{"allow":["GET"]}}],"collection":[{"href":"https:\/\/www.sv-rothebusch.de\/site\/index.php?rest_route=\/wp\/v2\/pages"}],"about":[{"href":"https:\/\/www.sv-rothebusch.de\/site\/index.php?rest_route=\/wp\/v2\/types\/page"}],"author":[{"embeddable":true,"href":"https:\/\/www.sv-rothebusch.de\/site\/index.php?rest_route=\/wp\/v2\/users\/3"}],"replies":[{"embeddable":true,"href":"https:\/\/www.sv-rothebusch.de\/site\/index.php?rest_route=%2Fwp%2Fv2%2Fcomments&post=40"}],"version-history":[{"count":34,"href":"https:\/\/www.sv-rothebusch.de\/site\/index.php?rest_route=\/wp\/v2\/pages\/40\/revisions"}],"predecessor-version":[{"id":3136,"href":"https:\/\/www.sv-rothebusch.de\/site\/index.php?rest_route=\/wp\/v2\/pages\/40\/revisions\/3136"}],"up":[{"embeddable":true,"href":"https:\/\/www.sv-rothebusch.de\/site\/index.php?rest_route=\/wp\/v2\/pages\/2"}],"wp:featuredmedia":[{"embeddable":true,"href":"https:\/\/www.sv-rothebusch.de\/site\/index.php?rest_route=\/wp\/v2\/media\/2866"}],"wp:attachment":[{"href":"https:\/\/www.sv-rothebusch.de\/site\/index.php?rest_route=%2Fwp%2Fv2%2Fmedia&parent=40"}],"curies":[{"name":"wp","href":"https:\/\/api.w.org\/{rel}","templated":true}]}}