{"id":28,"date":"2013-11-14T23:06:36","date_gmt":"2013-11-14T21:06:36","guid":{"rendered":"http:\/\/www.sv-rothebusch.de\/site\/?page_id=28"},"modified":"2023-05-10T20:54:46","modified_gmt":"2023-05-10T19:54:46","slug":"offiziere","status":"publish","type":"page","link":"https:\/\/www.sv-rothebusch.de\/site\/?page_id=28","title":{"rendered":"Offiziere"},"content":{"rendered":"\n<h2 class=\"wp-block-heading\"><span style=\"text-decoration: underline;\"><strong>Leitung:<\/strong><\/span><\/h2>\n\n\n\n<p>J\u00fcrgen Theisen<br>Dirk Didelot<\/p>\n\n\n\n<hr class=\"wp-block-separator has-alpha-channel-opacity is-style-dots\"\/>\n\n\n\n<h2 class=\"wp-block-heading\"><strong><u>Die Offiziere stellen sich vor:<\/u><\/strong><\/h2>\n\n\n\n<p>Die Offiziersabteilung des Sch\u00fctzenverein Rothebusch 1922 e.V. ist im Gegensatz zu allen anderen Abteilungen keine offene Abteilung.<\/p>\n\n\n\n<p><span style=\"text-decoration: underline;\">Das hei\u00dft:<\/span><br>Prinzipiell kann jedes Mitglied des Sch\u00fctzenvereins Offizier werden sofern ein Mindestalter von 18 Jahren erreicht ist und aktiv am Vereinsleben mitgewirkt wird.<br>Ein neuer Anw\u00e4rter muss jedoch vom amtierenden K\u00f6nig, Kaiser bzw. von einem Offizier vorgeschlagen werden. Wird der Vorschlag auf der Offiziersversammlung angenommen, wird der Anw\u00e4rter nach entsprechendem Mehrheitsentscheid aufgenommen.<\/p>\n","protected":false},"excerpt":{"rendered":"<p>Leitung: J\u00fcrgen TheisenDirk Didelot Die Offiziere stellen sich vor: Die Offiziersabteilung des Sch\u00fctzenverein Rothebusch 1922 e.V. ist im Gegensatz zu allen anderen Abteilungen keine offene Abteilung. Das hei\u00dft:Prinzipiell kann jedes Mitglied des Sch\u00fctzenvereins Offizier werden sofern ein Mindestalter von 18 Jahren erreicht ist und aktiv am Vereinsleben mitgewirkt wird.Ein neuer Anw\u00e4rter muss jedoch vom amtierenden [&hellip;]<\/p>\n","protected":false},"author":3,"featured_media":481,"parent":17,"menu_order":0,"comment_status":"closed","ping_status":"closed","template":"","meta":{"footnotes":""},"class_list":["post-28","page","type-page","status-publish","has-post-thumbnail","hentry","post","post-with-thumbnail","post-with-thumbnail-large"],"_links":{"self":[{"href":"https:\/\/www.sv-rothebusch.de\/site\/index.php?rest_route=\/wp\/v2\/pages\/28","targetHints":{"allow":["GET"]}}],"collection":[{"href":"https:\/\/www.sv-rothebusch.de\/site\/index.php?rest_route=\/wp\/v2\/pages"}],"about":[{"href":"https:\/\/www.sv-rothebusch.de\/site\/index.php?rest_route=\/wp\/v2\/types\/page"}],"author":[{"embeddable":true,"href":"https:\/\/www.sv-rothebusch.de\/site\/index.php?rest_route=\/wp\/v2\/users\/3"}],"replies":[{"embeddable":true,"href":"https:\/\/www.sv-rothebusch.de\/site\/index.php?rest_route=%2Fwp%2Fv2%2Fcomments&post=28"}],"version-history":[{"count":11,"href":"https:\/\/www.sv-rothebusch.de\/site\/index.php?rest_route=\/wp\/v2\/pages\/28\/revisions"}],"predecessor-version":[{"id":2841,"href":"https:\/\/www.sv-rothebusch.de\/site\/index.php?rest_route=\/wp\/v2\/pages\/28\/revisions\/2841"}],"up":[{"embeddable":true,"href":"https:\/\/www.sv-rothebusch.de\/site\/index.php?rest_route=\/wp\/v2\/pages\/17"}],"wp:featuredmedia":[{"embeddable":true,"href":"https:\/\/www.sv-rothebusch.de\/site\/index.php?rest_route=\/wp\/v2\/media\/481"}],"wp:attachment":[{"href":"https:\/\/www.sv-rothebusch.de\/site\/index.php?rest_route=%2Fwp%2Fv2%2Fmedia&parent=28"}],"curies":[{"name":"wp","href":"https:\/\/api.w.org\/{rel}","templated":true}]}}