{"id":2742,"date":"2023-05-09T20:51:31","date_gmt":"2023-05-09T19:51:31","guid":{"rendered":"https:\/\/www.sv-rothebusch.de\/site\/?page_id=2742"},"modified":"2025-11-23T19:41:05","modified_gmt":"2025-11-23T18:41:05","slug":"home-page","status":"publish","type":"page","link":"https:\/\/www.sv-rothebusch.de\/site\/","title":{"rendered":"Home Page"},"content":{"rendered":"<div id=\"pl-2742\"  class=\"panel-layout\" ><div id=\"pg-2742-0\"  class=\"panel-grid panel-no-style\" ><div id=\"pgc-2742-0-0\"  class=\"panel-grid-cell\" ><div id=\"panel-2742-0-0-0\" class=\"so-panel widget widget_text panel-first-child panel-last-child\" data-index=\"0\" ><h3 class=\"widget-title\">Willkommen!<\/h3>\t\t\t<div class=\"textwidget\"><p>Wir begr\u00fc\u00dfen Sie\/Euch recht herzlich als Besucher auf unserer Internetseite.<\/p>\n<p>Unser Bem\u00fchen ist es, m\u00f6glichst zeitnah, die Aktivit\u00e4ten unseres Vereins vorzustellen, sowie Interessenten und Mitglieder, mit Informationen zu versorgen.<\/p>\n<p>Gut Schu\u00df<br \/>\nVorstand S.V. Rothebusch<\/p>\n<\/div>\n\t\t<\/div><\/div><\/div><\/div>","protected":false},"excerpt":{"rendered":"<p>Wir begr\u00fc\u00dfen Sie\/Euch recht herzlich als Besucher auf unserer Internetseite. Unser Bem\u00fchen ist es, m\u00f6glichst zeitnah, die Aktivit\u00e4ten unseres Vereins vorzustellen, sowie Interessenten und Mitglieder, mit Informationen zu versorgen. Gut Schu\u00df Vorstand S.V. Rothebusch<\/p>\n","protected":false},"author":3,"featured_media":2866,"parent":0,"menu_order":0,"comment_status":"closed","ping_status":"closed","template":"home-panels.php","meta":{"footnotes":""},"class_list":["post-2742","page","type-page","status-publish","has-post-thumbnail","hentry","post","post-with-thumbnail","post-with-thumbnail-large"],"_links":{"self":[{"href":"https:\/\/www.sv-rothebusch.de\/site\/index.php?rest_route=\/wp\/v2\/pages\/2742","targetHints":{"allow":["GET"]}}],"collection":[{"href":"https:\/\/www.sv-rothebusch.de\/site\/index.php?rest_route=\/wp\/v2\/pages"}],"about":[{"href":"https:\/\/www.sv-rothebusch.de\/site\/index.php?rest_route=\/wp\/v2\/types\/page"}],"author":[{"embeddable":true,"href":"https:\/\/www.sv-rothebusch.de\/site\/index.php?rest_route=\/wp\/v2\/users\/3"}],"replies":[{"embeddable":true,"href":"https:\/\/www.sv-rothebusch.de\/site\/index.php?rest_route=%2Fwp%2Fv2%2Fcomments&post=2742"}],"version-history":[{"count":8,"href":"https:\/\/www.sv-rothebusch.de\/site\/index.php?rest_route=\/wp\/v2\/pages\/2742\/revisions"}],"predecessor-version":[{"id":3124,"href":"https:\/\/www.sv-rothebusch.de\/site\/index.php?rest_route=\/wp\/v2\/pages\/2742\/revisions\/3124"}],"wp:featuredmedia":[{"embeddable":true,"href":"https:\/\/www.sv-rothebusch.de\/site\/index.php?rest_route=\/wp\/v2\/media\/2866"}],"wp:attachment":[{"href":"https:\/\/www.sv-rothebusch.de\/site\/index.php?rest_route=%2Fwp%2Fv2%2Fmedia&parent=2742"}],"curies":[{"name":"wp","href":"https:\/\/api.w.org\/{rel}","templated":true}]}}