{"id":26,"date":"2013-11-14T23:06:17","date_gmt":"2013-11-14T21:06:17","guid":{"rendered":"http:\/\/www.sv-rothebusch.de\/site\/?page_id=26"},"modified":"2023-05-10T20:51:49","modified_gmt":"2023-05-10T19:51:49","slug":"alte-herren","status":"publish","type":"page","link":"https:\/\/www.sv-rothebusch.de\/site\/?page_id=26","title":{"rendered":"Alte-Herren"},"content":{"rendered":"\n<h2 class=\"wp-block-heading\"><span style=\"text-decoration: underline;\"><strong>Leitung:<\/strong><\/span><\/h2>\n\n\n\n<p>Herbert Buschhorn<br>Dieter Rozek<\/p>\n\n\n\n<hr class=\"wp-block-separator has-alpha-channel-opacity is-style-dots\"\/>\n\n\n\n<h2 class=\"wp-block-heading\"><span style=\"text-decoration: underline;\"><strong>Die &#8222;Alte-Herren&#8220; Abteilung stellt sich vor:<\/strong><\/span><\/h2>\n\n\n\n<p>Wir sind eine Unterabteilung des SVR und treffen uns alle 2 Wochen freitags zu einer gem\u00fctlich-geselligen Runde.<br>Neben Kl\u00f6nschnack, alte Zeiten auffrischen usw. kann, wer will, sich am Luftgewehr \u00fcben.<br>Eine sch\u00f6ne Sache ist auch unsere Knobelei.<br>Auch machen wir, nur f\u00fcr unsere Abteilung, ein internes Ostereierschie\u00dfen.<\/p>\n\n\n\n<p>Da unsere Frauen auch nicht zu kurz kommen d\u00fcrfen, veranstallten wir einmal im Jahr gemeinsam mit unseren Frauen einen Ausflug.<\/p>\n\n\n\n<p>Ebenfalls nicht vergessen d\u00fcrfen wir unsere j\u00e4hrliche Weihnachtsfeier, bei welcher unter anderem Fotos alter Zeiten gezeigt werden.<\/p>\n","protected":false},"excerpt":{"rendered":"<p>Leitung: Herbert BuschhornDieter Rozek Die &#8222;Alte-Herren&#8220; Abteilung stellt sich vor: Wir sind eine Unterabteilung des SVR und treffen uns alle 2 Wochen freitags zu einer gem\u00fctlich-geselligen Runde.Neben Kl\u00f6nschnack, alte Zeiten auffrischen usw. kann, wer will, sich am Luftgewehr \u00fcben.Eine sch\u00f6ne Sache ist auch unsere Knobelei.Auch machen wir, nur f\u00fcr unsere Abteilung, ein internes Ostereierschie\u00dfen. Da [&hellip;]<\/p>\n","protected":false},"author":3,"featured_media":272,"parent":17,"menu_order":0,"comment_status":"closed","ping_status":"closed","template":"","meta":{"footnotes":""},"class_list":["post-26","page","type-page","status-publish","has-post-thumbnail","hentry","post","post-with-thumbnail","post-with-thumbnail-large"],"_links":{"self":[{"href":"https:\/\/www.sv-rothebusch.de\/site\/index.php?rest_route=\/wp\/v2\/pages\/26","targetHints":{"allow":["GET"]}}],"collection":[{"href":"https:\/\/www.sv-rothebusch.de\/site\/index.php?rest_route=\/wp\/v2\/pages"}],"about":[{"href":"https:\/\/www.sv-rothebusch.de\/site\/index.php?rest_route=\/wp\/v2\/types\/page"}],"author":[{"embeddable":true,"href":"https:\/\/www.sv-rothebusch.de\/site\/index.php?rest_route=\/wp\/v2\/users\/3"}],"replies":[{"embeddable":true,"href":"https:\/\/www.sv-rothebusch.de\/site\/index.php?rest_route=%2Fwp%2Fv2%2Fcomments&post=26"}],"version-history":[{"count":19,"href":"https:\/\/www.sv-rothebusch.de\/site\/index.php?rest_route=\/wp\/v2\/pages\/26\/revisions"}],"predecessor-version":[{"id":2835,"href":"https:\/\/www.sv-rothebusch.de\/site\/index.php?rest_route=\/wp\/v2\/pages\/26\/revisions\/2835"}],"up":[{"embeddable":true,"href":"https:\/\/www.sv-rothebusch.de\/site\/index.php?rest_route=\/wp\/v2\/pages\/17"}],"wp:featuredmedia":[{"embeddable":true,"href":"https:\/\/www.sv-rothebusch.de\/site\/index.php?rest_route=\/wp\/v2\/media\/272"}],"wp:attachment":[{"href":"https:\/\/www.sv-rothebusch.de\/site\/index.php?rest_route=%2Fwp%2Fv2%2Fmedia&parent=26"}],"curies":[{"name":"wp","href":"https:\/\/api.w.org\/{rel}","templated":true}]}}