{"id":24,"date":"2013-11-14T23:06:03","date_gmt":"2013-11-14T21:06:03","guid":{"rendered":"http:\/\/www.sv-rothebusch.de\/site\/?page_id=24"},"modified":"2023-05-10T20:53:53","modified_gmt":"2023-05-10T19:53:53","slug":"jungschuetzen","status":"publish","type":"page","link":"https:\/\/www.sv-rothebusch.de\/site\/?page_id=24","title":{"rendered":"Jungsch\u00fctzen"},"content":{"rendered":"\n<h2 class=\"wp-block-heading\"><span style=\"text-decoration: underline;\"><strong>Leitung:<\/strong><\/span><\/h2>\n\n\n\n<p>Andr\u00e9 Kortz<br>Michelle Wiesemann<\/p>\n\n\n\n<hr class=\"wp-block-separator has-alpha-channel-opacity is-style-dots\"\/>\n\n\n\n<h2 class=\"wp-block-heading\"><u><strong>Die Jungsch\u00fctzen stellen sich vor:<\/strong><\/u><\/h2>\n\n\n\n<p><span style=\"text-decoration: underline;\"><strong>Wer sind wir?<\/strong><\/span><\/p>\n\n\n\n<p>Im Jahr 2013 hat sich die Jungsch\u00fctzenabteilung aus Mitgliedern gegr\u00fcndet, welche der Jugendabteilung entwachsen waren. Seit dem treffen wir, die Jungsch\u00fctzen <em>(auch gerne als die &#8222;Jungen Wilden&#8220; bezeichnet), uns<\/em> nun alle zwei Wochen freitags gemeinsam am Schie\u00dfstand zum Trainieren oder einfach nur zum gem\u00fctlichen Beisammensein.<\/p>\n\n\n\n<p>Ebenfalls im Jahr 2013 haben wir als Abteilung erstmals die Planung und Veranstaltung des vereinsinternen Jahresabschlusses \u00fcbernommen. Hier haben wir unter Beweis gestellt, dass wir mehr als nur <em>&#8222;Junge Wilde&#8220;<\/em> sind! Und zwar <em>&#8222;Junge Wilde&#8220;<\/em> mit Plan und durchaus Verantwortungsbewusstsein! Der Erfolg und die Resonanz gab uns Recht!<br>Dementsprechend k\u00f6nnen wir inzwischen auch mit Stolz feststellen, dass zwei aus unseren Reihen im gesch\u00e4ftsf\u00fchrenden Vorstand aktiv sind.<\/p>\n\n\n\n<p>Ihr habt auch Interesse, Teil der Jungsch\u00fctzenabteilung zu sein und wollt uns n\u00e4her kennenlernen?<br>Dann kommt einfach bei unserem <a title=\"Trainingszeiten\" href=\"http:\/\/www.sv-rothebusch.de\/site\/?page_id=69\">Trainingstag<\/a> vorbei!<\/p>\n","protected":false},"excerpt":{"rendered":"<p>Leitung: Andr\u00e9 KortzMichelle Wiesemann Die Jungsch\u00fctzen stellen sich vor: Wer sind wir? Im Jahr 2013 hat sich die Jungsch\u00fctzenabteilung aus Mitgliedern gegr\u00fcndet, welche der Jugendabteilung entwachsen waren. Seit dem treffen wir, die Jungsch\u00fctzen (auch gerne als die &#8222;Jungen Wilden&#8220; bezeichnet), uns nun alle zwei Wochen freitags gemeinsam am Schie\u00dfstand zum Trainieren oder einfach nur zum [&hellip;]<\/p>\n","protected":false},"author":3,"featured_media":2866,"parent":17,"menu_order":0,"comment_status":"closed","ping_status":"closed","template":"","meta":{"footnotes":""},"class_list":["post-24","page","type-page","status-publish","has-post-thumbnail","hentry","post","post-with-thumbnail","post-with-thumbnail-large"],"_links":{"self":[{"href":"https:\/\/www.sv-rothebusch.de\/site\/index.php?rest_route=\/wp\/v2\/pages\/24","targetHints":{"allow":["GET"]}}],"collection":[{"href":"https:\/\/www.sv-rothebusch.de\/site\/index.php?rest_route=\/wp\/v2\/pages"}],"about":[{"href":"https:\/\/www.sv-rothebusch.de\/site\/index.php?rest_route=\/wp\/v2\/types\/page"}],"author":[{"embeddable":true,"href":"https:\/\/www.sv-rothebusch.de\/site\/index.php?rest_route=\/wp\/v2\/users\/3"}],"replies":[{"embeddable":true,"href":"https:\/\/www.sv-rothebusch.de\/site\/index.php?rest_route=%2Fwp%2Fv2%2Fcomments&post=24"}],"version-history":[{"count":15,"href":"https:\/\/www.sv-rothebusch.de\/site\/index.php?rest_route=\/wp\/v2\/pages\/24\/revisions"}],"predecessor-version":[{"id":2840,"href":"https:\/\/www.sv-rothebusch.de\/site\/index.php?rest_route=\/wp\/v2\/pages\/24\/revisions\/2840"}],"up":[{"embeddable":true,"href":"https:\/\/www.sv-rothebusch.de\/site\/index.php?rest_route=\/wp\/v2\/pages\/17"}],"wp:featuredmedia":[{"embeddable":true,"href":"https:\/\/www.sv-rothebusch.de\/site\/index.php?rest_route=\/wp\/v2\/media\/2866"}],"wp:attachment":[{"href":"https:\/\/www.sv-rothebusch.de\/site\/index.php?rest_route=%2Fwp%2Fv2%2Fmedia&parent=24"}],"curies":[{"name":"wp","href":"https:\/\/api.w.org\/{rel}","templated":true}]}}