{"id":22,"date":"2013-11-14T23:05:48","date_gmt":"2013-11-14T21:05:48","guid":{"rendered":"http:\/\/www.sv-rothebusch.de\/site\/?page_id=22"},"modified":"2023-05-10T20:55:45","modified_gmt":"2023-05-10T19:55:45","slug":"schiessabteilung","status":"publish","type":"page","link":"https:\/\/www.sv-rothebusch.de\/site\/?page_id=22","title":{"rendered":"Schie\u00dfabteilung"},"content":{"rendered":"\n<h2 class=\"wp-block-heading\"><span style=\"text-decoration: underline;\"><strong>Leitung:<\/strong><\/span><\/h2>\n\n\n\n<p>Herbert Buschhorn<br>J\u00fcrgen Theisen<\/p>\n\n\n\n<hr class=\"wp-block-separator has-alpha-channel-opacity is-style-dots\"\/>\n\n\n\n<h2 class=\"wp-block-heading\"><strong><u>Die Schie\u00dfabteilung stellt sich vor:<\/u><\/strong><\/h2>\n\n\n\n<p>Unsere Schie\u00dfabteilung z\u00e4hlt zur Zeit 25 Mitglieder. Die Sch\u00fctzinnen und Sch\u00fctzen starten bei Meisterschaften im Kreis, Bezirk und beim Landesverband.<br>Stimmen die Leistungen, lockt sogar die deutsche Meisterschaft.<br>Pokalschie\u00dfen bei befreundeten Vereinen werden von uns gerne besucht.<\/p>\n\n\n\n<p>Neben den Wettk\u00e4mpfen kommen Geselligkeit und Tradition nicht zu kurz.<\/p>\n\n\n\n<p>Wir freuen uns auf neue Gesichter bei unseren Trainingsabenden.<\/p>\n\n\n\n<p>Willkommen in der Schie\u00dfabteilung des S.V.Rothebusch.<\/p>\n","protected":false},"excerpt":{"rendered":"<p>Leitung: Herbert BuschhornJ\u00fcrgen Theisen Die Schie\u00dfabteilung stellt sich vor: Unsere Schie\u00dfabteilung z\u00e4hlt zur Zeit 25 Mitglieder. Die Sch\u00fctzinnen und Sch\u00fctzen starten bei Meisterschaften im Kreis, Bezirk und beim Landesverband.Stimmen die Leistungen, lockt sogar die deutsche Meisterschaft.Pokalschie\u00dfen bei befreundeten Vereinen werden von uns gerne besucht. Neben den Wettk\u00e4mpfen kommen Geselligkeit und Tradition nicht zu kurz. Wir [&hellip;]<\/p>\n","protected":false},"author":3,"featured_media":245,"parent":17,"menu_order":0,"comment_status":"closed","ping_status":"closed","template":"","meta":{"footnotes":""},"class_list":["post-22","page","type-page","status-publish","has-post-thumbnail","hentry","post","post-with-thumbnail","post-with-thumbnail-large"],"_links":{"self":[{"href":"https:\/\/www.sv-rothebusch.de\/site\/index.php?rest_route=\/wp\/v2\/pages\/22","targetHints":{"allow":["GET"]}}],"collection":[{"href":"https:\/\/www.sv-rothebusch.de\/site\/index.php?rest_route=\/wp\/v2\/pages"}],"about":[{"href":"https:\/\/www.sv-rothebusch.de\/site\/index.php?rest_route=\/wp\/v2\/types\/page"}],"author":[{"embeddable":true,"href":"https:\/\/www.sv-rothebusch.de\/site\/index.php?rest_route=\/wp\/v2\/users\/3"}],"replies":[{"embeddable":true,"href":"https:\/\/www.sv-rothebusch.de\/site\/index.php?rest_route=%2Fwp%2Fv2%2Fcomments&post=22"}],"version-history":[{"count":9,"href":"https:\/\/www.sv-rothebusch.de\/site\/index.php?rest_route=\/wp\/v2\/pages\/22\/revisions"}],"predecessor-version":[{"id":2842,"href":"https:\/\/www.sv-rothebusch.de\/site\/index.php?rest_route=\/wp\/v2\/pages\/22\/revisions\/2842"}],"up":[{"embeddable":true,"href":"https:\/\/www.sv-rothebusch.de\/site\/index.php?rest_route=\/wp\/v2\/pages\/17"}],"wp:featuredmedia":[{"embeddable":true,"href":"https:\/\/www.sv-rothebusch.de\/site\/index.php?rest_route=\/wp\/v2\/media\/245"}],"wp:attachment":[{"href":"https:\/\/www.sv-rothebusch.de\/site\/index.php?rest_route=%2Fwp%2Fv2%2Fmedia&parent=22"}],"curies":[{"name":"wp","href":"https:\/\/api.w.org\/{rel}","templated":true}]}}