{"id":17,"date":"2013-11-14T23:04:37","date_gmt":"2013-11-14T21:04:37","guid":{"rendered":"http:\/\/www.sv-rothebusch.de\/site\/?page_id=17"},"modified":"2023-05-09T23:24:37","modified_gmt":"2023-05-09T22:24:37","slug":"abteilungen","status":"publish","type":"page","link":"https:\/\/www.sv-rothebusch.de\/site\/?page_id=17","title":{"rendered":"Abteilungen"},"content":{"rendered":"<p>Der Sch\u00fctzenverein Rothebusch besteht, wie viele andere Sportvereine auch,<br \/>\naus verschiedenen Abteilungen.<br \/>\nHier ist f\u00fcr jede Alterklasse und f\u00fcr jeden Geschmack etwas dabei!<\/p>\n<p>Erfahren Sie mehr \u00fcber die einzelnen Abteilungen indem Sie<br \/>\nim linksseitigen Men\u00fc die jeweilige Abteilung anklicken!<\/p>\n","protected":false},"excerpt":{"rendered":"<p>Der Sch\u00fctzenverein Rothebusch besteht, wie viele andere Sportvereine auch, aus verschiedenen Abteilungen. Hier ist f\u00fcr jede Alterklasse und f\u00fcr jeden Geschmack etwas dabei! Erfahren Sie mehr \u00fcber die einzelnen Abteilungen indem Sie im linksseitigen Men\u00fc die jeweilige Abteilung anklicken!<\/p>\n","protected":false},"author":3,"featured_media":2866,"parent":0,"menu_order":0,"comment_status":"closed","ping_status":"closed","template":"","meta":{"footnotes":""},"class_list":["post-17","page","type-page","status-publish","has-post-thumbnail","hentry","post","post-with-thumbnail","post-with-thumbnail-large"],"_links":{"self":[{"href":"https:\/\/www.sv-rothebusch.de\/site\/index.php?rest_route=\/wp\/v2\/pages\/17","targetHints":{"allow":["GET"]}}],"collection":[{"href":"https:\/\/www.sv-rothebusch.de\/site\/index.php?rest_route=\/wp\/v2\/pages"}],"about":[{"href":"https:\/\/www.sv-rothebusch.de\/site\/index.php?rest_route=\/wp\/v2\/types\/page"}],"author":[{"embeddable":true,"href":"https:\/\/www.sv-rothebusch.de\/site\/index.php?rest_route=\/wp\/v2\/users\/3"}],"replies":[{"embeddable":true,"href":"https:\/\/www.sv-rothebusch.de\/site\/index.php?rest_route=%2Fwp%2Fv2%2Fcomments&post=17"}],"version-history":[{"count":7,"href":"https:\/\/www.sv-rothebusch.de\/site\/index.php?rest_route=\/wp\/v2\/pages\/17\/revisions"}],"predecessor-version":[{"id":1148,"href":"https:\/\/www.sv-rothebusch.de\/site\/index.php?rest_route=\/wp\/v2\/pages\/17\/revisions\/1148"}],"wp:featuredmedia":[{"embeddable":true,"href":"https:\/\/www.sv-rothebusch.de\/site\/index.php?rest_route=\/wp\/v2\/media\/2866"}],"wp:attachment":[{"href":"https:\/\/www.sv-rothebusch.de\/site\/index.php?rest_route=%2Fwp%2Fv2%2Fmedia&parent=17"}],"curies":[{"name":"wp","href":"https:\/\/api.w.org\/{rel}","templated":true}]}}