{"id":161,"date":"2014-02-15T01:54:55","date_gmt":"2014-02-15T00:54:55","guid":{"rendered":"http:\/\/www.sv-rothebusch.de\/site\/?page_id=161"},"modified":"2023-05-09T23:15:07","modified_gmt":"2023-05-09T22:15:07","slug":"impressum","status":"publish","type":"page","link":"https:\/\/www.sv-rothebusch.de\/site\/?page_id=161","title":{"rendered":"Impressum"},"content":{"rendered":"<p>Diese Webseite wird betrieben und verwaltet vom:<\/p>\n<p><strong>Sch\u00fctzenverein Rothebusch 1922 e.V.<\/strong><br \/>\nMitglied im DSB und RSB<br \/>\nMitgliedsnummer: 01111<br \/>\nMitglied im Stadtsportbund Oberhausen e.V.<br \/>\nVereinsregister AG Duisburg VR 41036<br \/>\nUst.IdNr.: DE286370063<\/p>\n<p><span style=\"text-decoration: underline;\">Vereinsheim:<\/span><br \/>\nN\u00fcrnberger Str. 99<br \/>\n46119 Oberhausen<br \/>\nTel.: 0208 \/ 811682<\/p>\n<p><span style=\"text-decoration: underline;\">Gesch\u00e4ftsadresse:<\/span><br \/>\nTorsten Hils<br \/>\nZur Ludwigsh\u00fctte 16<br \/>\n46149 Oberhausen<br \/>\ne-Mail: geschaeftsfuehrung@sv-rothebusch.de<\/p>\n<h4><strong>\u00bb <\/strong><strong>Verantwortliche &amp; Distanzierung<\/strong><\/h4>\n<p>Inhaltlich Verantwortlicher (\u00a710 MDStV):<br \/>\n<strong>Sch\u00fctzenverein Rothebusch 1922 e.V. &#8211; <\/strong>Gesch\u00e4ftsf\u00fchrenden Vorstandsmitglieder<\/p>\n<p>Mit Urteil vom 12. Mai 1998 hat das Landgericht Hamburg entschieden, dass man durch die Anbringung eines Links die Inhalte der gelinkten Seite ggf. mit zu verantworten hat.<br \/>\nDies kann, so das Landgericht, dadurch verhindert werden, dass man sich ausdr\u00fccklich von diesen Inhalten distanziert.<br \/>\nDie Betreiber dieser Homepage erkl\u00e4ren <strong>ausdr\u00fccklich<\/strong>, dass sie keinerlei Einflu\u00df auf die Gestaltung und die Inhalte von verlinkten Seiten haben.<br \/>\nDie Betreiber machen sich die Inhalte verlinkter Seiten nicht zu Eigen.<br \/>\nDiese Erkl\u00e4rung gilt f\u00fcr alle auf dieser Homepage angezeigten Links und f\u00fcr alle Inhalte der Seiten, zu denen hier angemeldeten Banner und Links f\u00fchren.<\/p>\n<h4><strong>\u00bb <\/strong><strong>Eingesetzte Software<\/strong><\/h4>\n<p>F\u00fcr unsere Seite\u00a0setzen wir die WordPress Software ein.<br \/>\nDiese ist Eigentum von WordPress.org und unterliegt der GPL Lizenz.<\/p>\n","protected":false},"excerpt":{"rendered":"<p>Diese Webseite wird betrieben und verwaltet vom: Sch\u00fctzenverein Rothebusch 1922 e.V. Mitglied im DSB und RSB Mitgliedsnummer: 01111 Mitglied im Stadtsportbund Oberhausen e.V. Vereinsregister AG Duisburg VR 41036 Ust.IdNr.: DE286370063 Vereinsheim: N\u00fcrnberger Str. 99 46119 Oberhausen Tel.: 0208 \/ 811682 Gesch\u00e4ftsadresse: Torsten Hils Zur Ludwigsh\u00fctte 16 46149 Oberhausen e-Mail: geschaeftsfuehrung@sv-rothebusch.de \u00bb Verantwortliche &amp; Distanzierung Inhaltlich [&hellip;]<\/p>\n","protected":false},"author":3,"featured_media":2866,"parent":15,"menu_order":0,"comment_status":"closed","ping_status":"closed","template":"","meta":{"footnotes":""},"class_list":["post-161","page","type-page","status-publish","has-post-thumbnail","hentry","post","post-with-thumbnail","post-with-thumbnail-large"],"_links":{"self":[{"href":"https:\/\/www.sv-rothebusch.de\/site\/index.php?rest_route=\/wp\/v2\/pages\/161","targetHints":{"allow":["GET"]}}],"collection":[{"href":"https:\/\/www.sv-rothebusch.de\/site\/index.php?rest_route=\/wp\/v2\/pages"}],"about":[{"href":"https:\/\/www.sv-rothebusch.de\/site\/index.php?rest_route=\/wp\/v2\/types\/page"}],"author":[{"embeddable":true,"href":"https:\/\/www.sv-rothebusch.de\/site\/index.php?rest_route=\/wp\/v2\/users\/3"}],"replies":[{"embeddable":true,"href":"https:\/\/www.sv-rothebusch.de\/site\/index.php?rest_route=%2Fwp%2Fv2%2Fcomments&post=161"}],"version-history":[{"count":18,"href":"https:\/\/www.sv-rothebusch.de\/site\/index.php?rest_route=\/wp\/v2\/pages\/161\/revisions"}],"predecessor-version":[{"id":2784,"href":"https:\/\/www.sv-rothebusch.de\/site\/index.php?rest_route=\/wp\/v2\/pages\/161\/revisions\/2784"}],"up":[{"embeddable":true,"href":"https:\/\/www.sv-rothebusch.de\/site\/index.php?rest_route=\/wp\/v2\/pages\/15"}],"wp:featuredmedia":[{"embeddable":true,"href":"https:\/\/www.sv-rothebusch.de\/site\/index.php?rest_route=\/wp\/v2\/media\/2866"}],"wp:attachment":[{"href":"https:\/\/www.sv-rothebusch.de\/site\/index.php?rest_route=%2Fwp%2Fv2%2Fmedia&parent=161"}],"curies":[{"name":"wp","href":"https:\/\/api.w.org\/{rel}","templated":true}]}}